{"id":276,"date":"2026-01-12T21:15:18","date_gmt":"2026-01-12T20:15:18","guid":{"rendered":"http:\/\/www.vivi-photography.de\/?page_id=276"},"modified":"2026-04-02T18:22:13","modified_gmt":"2026-04-02T17:22:13","slug":"kunst","status":"publish","type":"page","link":"https:\/\/www.vivi-photography.de\/?page_id=276","title":{"rendered":"Kunst"},"content":{"rendered":"\n<div class=\"wp-block-columns is-layout-flex wp-container-core-columns-is-layout-28f84493 wp-block-columns-is-layout-flex\">\n<div class=\"wp-block-column is-layout-flow wp-block-column-is-layout-flow\" id=\"top\"><\/div>\n<\/div>\n\n\n\n<div class=\"wp-block-columns is-layout-flex wp-container-core-columns-is-layout-28f84493 wp-block-columns-is-layout-flex\">\n<div class=\"wp-block-column is-vertically-aligned-center is-layout-flow wp-block-column-is-layout-flow\" style=\"flex-basis:50%\">\n<figure class=\"wp-block-image size-large\"><img loading=\"lazy\" decoding=\"async\" width=\"785\" height=\"792\" src=\"https:\/\/www.vivi-photography.de\/wp-content\/uploads\/2026\/02\/FOTO_120-785x792.jpg\" alt=\"\" class=\"wp-image-731\" srcset=\"https:\/\/www.vivi-photography.de\/wp-content\/uploads\/2026\/02\/FOTO_120-785x792.jpg 785w, https:\/\/www.vivi-photography.de\/wp-content\/uploads\/2026\/02\/FOTO_120-297x300.jpg 297w, https:\/\/www.vivi-photography.de\/wp-content\/uploads\/2026\/02\/FOTO_120-768x775.jpg 768w, https:\/\/www.vivi-photography.de\/wp-content\/uploads\/2026\/02\/FOTO_120.jpg 917w\" sizes=\"auto, (max-width: 785px) 100vw, 785px\" \/><figcaption class=\"wp-element-caption\"><strong><em>Das Gewicht des Ungesagten<\/em>, Acryl auf Leinwand, <br>20 x 20 cm<\/strong><\/figcaption><\/figure>\n\n\n\n<figure class=\"wp-block-image size-large\"><img loading=\"lazy\" decoding=\"async\" width=\"785\" height=\"776\" src=\"https:\/\/www.vivi-photography.de\/wp-content\/uploads\/2026\/02\/FOTO_119-785x776.jpg\" alt=\"\" class=\"wp-image-730\" srcset=\"https:\/\/www.vivi-photography.de\/wp-content\/uploads\/2026\/02\/FOTO_119-785x776.jpg 785w, https:\/\/www.vivi-photography.de\/wp-content\/uploads\/2026\/02\/FOTO_119-300x297.jpg 300w, https:\/\/www.vivi-photography.de\/wp-content\/uploads\/2026\/02\/FOTO_119-768x760.jpg 768w, https:\/\/www.vivi-photography.de\/wp-content\/uploads\/2026\/02\/FOTO_119.jpg 1008w\" sizes=\"auto, (max-width: 785px) 100vw, 785px\" \/><figcaption class=\"wp-element-caption\"><strong><em>Zwischen Ordnung &amp; Implosion<\/em>, Acryl auf Leinwand,<br>20 x 20 cm<\/strong><\/figcaption><\/figure>\n\n\n\n<figure class=\"wp-block-image size-large\"><img loading=\"lazy\" decoding=\"async\" width=\"785\" height=\"618\" src=\"https:\/\/www.vivi-photography.de\/wp-content\/uploads\/2026\/02\/FOTO_118-785x618.jpg\" alt=\"\" class=\"wp-image-734\" srcset=\"https:\/\/www.vivi-photography.de\/wp-content\/uploads\/2026\/02\/FOTO_118-785x618.jpg 785w, https:\/\/www.vivi-photography.de\/wp-content\/uploads\/2026\/02\/FOTO_118-300x236.jpg 300w, https:\/\/www.vivi-photography.de\/wp-content\/uploads\/2026\/02\/FOTO_118-768x604.jpg 768w, https:\/\/www.vivi-photography.de\/wp-content\/uploads\/2026\/02\/FOTO_118.jpg 1371w\" sizes=\"auto, (max-width: 785px) 100vw, 785px\" \/><figcaption class=\"wp-element-caption\"><strong><em>An der Sichtbarkeit<\/em>, Acryl auf Leinwand, <br>50 x 39,5 cm<\/strong><\/figcaption><\/figure>\n\n\n\n<figure class=\"wp-block-image size-large\"><img loading=\"lazy\" decoding=\"async\" width=\"785\" height=\"765\" src=\"https:\/\/www.vivi-photography.de\/wp-content\/uploads\/2026\/02\/FOTO_108-785x765.webp\" alt=\"\" class=\"wp-image-975\" srcset=\"https:\/\/www.vivi-photography.de\/wp-content\/uploads\/2026\/02\/FOTO_108-785x765.webp 785w, https:\/\/www.vivi-photography.de\/wp-content\/uploads\/2026\/02\/FOTO_108-300x292.webp 300w, https:\/\/www.vivi-photography.de\/wp-content\/uploads\/2026\/02\/FOTO_108-768x749.webp 768w, https:\/\/www.vivi-photography.de\/wp-content\/uploads\/2026\/02\/FOTO_108.webp 1151w\" sizes=\"auto, (max-width: 785px) 100vw, 785px\" \/><figcaption class=\"wp-element-caption\"><strong><em>Hinter der Begrenzung<\/em>, Acryl auf Leinwand, <br>40 x 40 cm<\/strong><\/figcaption><\/figure>\n\n\n\n<figure class=\"wp-block-image aligncenter size-large\"><img loading=\"lazy\" decoding=\"async\" width=\"785\" height=\"792\" src=\"https:\/\/www.vivi-photography.de\/wp-content\/uploads\/2026\/02\/Nordlicht_mit_Wasserzeichen-785x792.jpg\" alt=\"\" class=\"wp-image-715\" srcset=\"https:\/\/www.vivi-photography.de\/wp-content\/uploads\/2026\/02\/Nordlicht_mit_Wasserzeichen-785x792.jpg 785w, https:\/\/www.vivi-photography.de\/wp-content\/uploads\/2026\/02\/Nordlicht_mit_Wasserzeichen-297x300.jpg 297w, https:\/\/www.vivi-photography.de\/wp-content\/uploads\/2026\/02\/Nordlicht_mit_Wasserzeichen-768x775.jpg 768w, https:\/\/www.vivi-photography.de\/wp-content\/uploads\/2026\/02\/Nordlicht_mit_Wasserzeichen-1522x1536.jpg 1522w, https:\/\/www.vivi-photography.de\/wp-content\/uploads\/2026\/02\/Nordlicht_mit_Wasserzeichen.jpg 1920w\" sizes=\"auto, (max-width: 785px) 100vw, 785px\" \/><figcaption class=\"wp-element-caption\"><strong><em>N\u00f6rdliche Lichter<\/em>, Acryl auf Leinwand, 40 x 40 cm<\/strong><\/figcaption><\/figure>\n\n\n\n<figure class=\"wp-block-image size-large\"><img loading=\"lazy\" decoding=\"async\" width=\"785\" height=\"783\" src=\"https:\/\/www.vivi-photography.de\/wp-content\/uploads\/2026\/02\/FOTO_117_wz-785x783.jpg\" alt=\"\" class=\"wp-image-957\" srcset=\"https:\/\/www.vivi-photography.de\/wp-content\/uploads\/2026\/02\/FOTO_117_wz-785x783.jpg 785w, https:\/\/www.vivi-photography.de\/wp-content\/uploads\/2026\/02\/FOTO_117_wz-300x300.jpg 300w, https:\/\/www.vivi-photography.de\/wp-content\/uploads\/2026\/02\/FOTO_117_wz-768x766.jpg 768w, https:\/\/www.vivi-photography.de\/wp-content\/uploads\/2026\/02\/FOTO_117_wz.jpg 981w\" sizes=\"auto, (max-width: 785px) 100vw, 785px\" \/><figcaption class=\"wp-element-caption\"><strong><em>Zwischen Land und Wasser<\/em>, Acryl auf Leinwand, <br>20 x 20 cm<\/strong><\/figcaption><\/figure>\n\n\n\n<figure class=\"wp-block-image size-large\"><img loading=\"lazy\" decoding=\"async\" width=\"785\" height=\"768\" src=\"https:\/\/www.vivi-photography.de\/wp-content\/uploads\/2026\/02\/FOTO_114-785x768.jpg\" alt=\"\" class=\"wp-image-719\" srcset=\"https:\/\/www.vivi-photography.de\/wp-content\/uploads\/2026\/02\/FOTO_114-785x768.jpg 785w, https:\/\/www.vivi-photography.de\/wp-content\/uploads\/2026\/02\/FOTO_114-300x294.jpg 300w, https:\/\/www.vivi-photography.de\/wp-content\/uploads\/2026\/02\/FOTO_114-768x751.jpg 768w, https:\/\/www.vivi-photography.de\/wp-content\/uploads\/2026\/02\/FOTO_114.jpg 1159w\" sizes=\"auto, (max-width: 785px) 100vw, 785px\" \/><figcaption class=\"wp-element-caption\"><strong><em>Florales Gef\u00fcge<\/em>, Acryl auf Leinwand, <br>29 x 28,5 x 3,5 cm<\/strong><\/figcaption><\/figure>\n<\/div>\n\n\n\n<div class=\"wp-block-column is-layout-flow wp-block-column-is-layout-flow\" style=\"flex-basis:50%\">\n<figure class=\"wp-block-image size-large\"><img loading=\"lazy\" decoding=\"async\" width=\"726\" height=\"1024\" src=\"https:\/\/www.vivi-photography.de\/wp-content\/uploads\/2026\/02\/FOTO_136-726x1024.jpg\" alt=\"\" class=\"wp-image-720\" srcset=\"https:\/\/www.vivi-photography.de\/wp-content\/uploads\/2026\/02\/FOTO_136-726x1024.jpg 726w, https:\/\/www.vivi-photography.de\/wp-content\/uploads\/2026\/02\/FOTO_136-213x300.jpg 213w, https:\/\/www.vivi-photography.de\/wp-content\/uploads\/2026\/02\/FOTO_136-768x1084.jpg 768w, https:\/\/www.vivi-photography.de\/wp-content\/uploads\/2026\/02\/FOTO_136.jpg 1066w\" sizes=\"auto, (max-width: 726px) 100vw, 726px\" \/><figcaption class=\"wp-element-caption\"><strong><em>Fragmente einer Ordnung<\/em>, Acryl auf Leinwand, <br>50 x 70 cm<\/strong><\/figcaption><\/figure>\n\n\n\n<figure class=\"wp-block-image size-large\"><img loading=\"lazy\" decoding=\"async\" width=\"785\" height=\"786\" src=\"https:\/\/www.vivi-photography.de\/wp-content\/uploads\/2026\/02\/FOTO_116-785x786.jpg\" alt=\"\" class=\"wp-image-724\" srcset=\"https:\/\/www.vivi-photography.de\/wp-content\/uploads\/2026\/02\/FOTO_116-785x786.jpg 785w, https:\/\/www.vivi-photography.de\/wp-content\/uploads\/2026\/02\/FOTO_116-300x300.jpg 300w, https:\/\/www.vivi-photography.de\/wp-content\/uploads\/2026\/02\/FOTO_116-768x769.jpg 768w, https:\/\/www.vivi-photography.de\/wp-content\/uploads\/2026\/02\/FOTO_116.jpg 1047w\" sizes=\"auto, (max-width: 785px) 100vw, 785px\" \/><figcaption class=\"wp-element-caption\"><strong><em>Der Kreis in der Krise<\/em>, Acryl auf Leinwand, <br>20 x 20 cm<\/strong><\/figcaption><\/figure>\n\n\n\n<figure class=\"wp-block-image size-large\"><img loading=\"lazy\" decoding=\"async\" width=\"785\" height=\"988\" src=\"https:\/\/www.vivi-photography.de\/wp-content\/uploads\/2026\/02\/FOTO_110_WZ-785x988.jpg\" alt=\"\" class=\"wp-image-958\" srcset=\"https:\/\/www.vivi-photography.de\/wp-content\/uploads\/2026\/02\/FOTO_110_WZ-785x988.jpg 785w, https:\/\/www.vivi-photography.de\/wp-content\/uploads\/2026\/02\/FOTO_110_WZ-238x300.jpg 238w, https:\/\/www.vivi-photography.de\/wp-content\/uploads\/2026\/02\/FOTO_110_WZ-768x966.jpg 768w, https:\/\/www.vivi-photography.de\/wp-content\/uploads\/2026\/02\/FOTO_110_WZ.jpg 1058w\" sizes=\"auto, (max-width: 785px) 100vw, 785px\" \/><figcaption class=\"wp-element-caption\"><strong><em>Komprimierte Weite<\/em>, Acryl auf Leinwand, <br>40 x 50 cm<\/strong><\/figcaption><\/figure>\n\n\n\n<figure class=\"wp-block-image alignleft size-large\"><img loading=\"lazy\" decoding=\"async\" width=\"505\" height=\"1024\" src=\"https:\/\/www.vivi-photography.de\/wp-content\/uploads\/2026\/02\/FOTO_132-505x1024.jpg\" alt=\"\" class=\"wp-image-723\" srcset=\"https:\/\/www.vivi-photography.de\/wp-content\/uploads\/2026\/02\/FOTO_132-505x1024.jpg 505w, https:\/\/www.vivi-photography.de\/wp-content\/uploads\/2026\/02\/FOTO_132-148x300.jpg 148w, https:\/\/www.vivi-photography.de\/wp-content\/uploads\/2026\/02\/FOTO_132-768x1558.jpg 768w, https:\/\/www.vivi-photography.de\/wp-content\/uploads\/2026\/02\/FOTO_132-757x1536.jpg 757w, https:\/\/www.vivi-photography.de\/wp-content\/uploads\/2026\/02\/FOTO_132.jpg 843w\" sizes=\"auto, (max-width: 505px) 100vw, 505px\" \/><figcaption class=\"wp-element-caption\"><strong><em>Verdichtung am Rand links unten<\/em>, <br>Acryl auf Leinwand, 50 x 100 cm<\/strong><\/figcaption><\/figure>\n\n\n\n<figure class=\"wp-block-image size-large\"><img loading=\"lazy\" decoding=\"async\" width=\"785\" height=\"786\" src=\"https:\/\/www.vivi-photography.de\/wp-content\/uploads\/2026\/04\/Lichttraeger_wz-785x786.jpg\" alt=\"\" class=\"wp-image-1279\" srcset=\"https:\/\/www.vivi-photography.de\/wp-content\/uploads\/2026\/04\/Lichttraeger_wz-785x786.jpg 785w, https:\/\/www.vivi-photography.de\/wp-content\/uploads\/2026\/04\/Lichttraeger_wz-300x300.jpg 300w, https:\/\/www.vivi-photography.de\/wp-content\/uploads\/2026\/04\/Lichttraeger_wz-768x769.jpg 768w, https:\/\/www.vivi-photography.de\/wp-content\/uploads\/2026\/04\/Lichttraeger_wz.jpg 1087w\" sizes=\"auto, (max-width: 785px) 100vw, 785px\" \/><figcaption class=\"wp-element-caption\"><strong><em>Ungehaltenes Licht<\/em>, Acryl auf Leinwand, 40 x 40 cm<\/strong><\/figcaption><\/figure>\n\n\n\n<figure class=\"wp-block-image size-large\"><img loading=\"lazy\" decoding=\"async\" width=\"785\" height=\"788\" src=\"https:\/\/www.vivi-photography.de\/wp-content\/uploads\/2026\/01\/FOTO_128-785x788.jpg\" alt=\"\" class=\"wp-image-443\" srcset=\"https:\/\/www.vivi-photography.de\/wp-content\/uploads\/2026\/01\/FOTO_128-785x788.jpg 785w, https:\/\/www.vivi-photography.de\/wp-content\/uploads\/2026\/01\/FOTO_128-300x300.jpg 300w, https:\/\/www.vivi-photography.de\/wp-content\/uploads\/2026\/01\/FOTO_128-768x771.jpg 768w, https:\/\/www.vivi-photography.de\/wp-content\/uploads\/2026\/01\/FOTO_128.jpg 1091w\" sizes=\"auto, (max-width: 785px) 100vw, 785px\" \/><figcaption class=\"wp-element-caption\"><strong><em>Dunkle Lichttr\u00e4ger<\/em>, Acryl auf Leinwand, 40 x 40 cm<\/strong><\/figcaption><\/figure>\n\n\n\n<figure class=\"wp-block-image size-large wp-duotone-unset-1\"><img loading=\"lazy\" decoding=\"async\" width=\"785\" height=\"801\" src=\"https:\/\/www.vivi-photography.de\/wp-content\/uploads\/2026\/01\/FOTO_122-785x801.jpg\" alt=\"\" class=\"wp-image-437\" srcset=\"https:\/\/www.vivi-photography.de\/wp-content\/uploads\/2026\/01\/FOTO_122-785x801.jpg 785w, https:\/\/www.vivi-photography.de\/wp-content\/uploads\/2026\/01\/FOTO_122-294x300.jpg 294w, https:\/\/www.vivi-photography.de\/wp-content\/uploads\/2026\/01\/FOTO_122-768x783.jpg 768w, https:\/\/www.vivi-photography.de\/wp-content\/uploads\/2026\/01\/FOTO_122.jpg 1110w\" sizes=\"auto, (max-width: 785px) 100vw, 785px\" \/><figcaption class=\"wp-element-caption\"><strong><em>Am Stra\u00dfenrand<\/em>, Acryl auf Leinwand, 20 x 20 cm<\/strong><\/figcaption><\/figure>\n<\/div>\n<\/div>\n\n\n\n<figure class=\"wp-block-image size-large is-style-default\"><img loading=\"lazy\" decoding=\"async\" width=\"785\" height=\"777\" src=\"https:\/\/www.vivi-photography.de\/wp-content\/uploads\/2026\/02\/Blumenwiese_im_Wind-1-785x777.jpg\" alt=\"&quot;Blumenwiese im Wind&quot;, Acryl auf Leinwand, 40 x 40 cm, 2025\" class=\"wp-image-722\" srcset=\"https:\/\/www.vivi-photography.de\/wp-content\/uploads\/2026\/02\/Blumenwiese_im_Wind-1-785x777.jpg 785w, https:\/\/www.vivi-photography.de\/wp-content\/uploads\/2026\/02\/Blumenwiese_im_Wind-1-300x297.jpg 300w, https:\/\/www.vivi-photography.de\/wp-content\/uploads\/2026\/02\/Blumenwiese_im_Wind-1-768x760.jpg 768w, https:\/\/www.vivi-photography.de\/wp-content\/uploads\/2026\/02\/Blumenwiese_im_Wind-1.jpg 1024w\" sizes=\"auto, (max-width: 785px) 100vw, 785px\" \/><figcaption class=\"wp-element-caption\"><strong><em>Rote Blumen, bewegt<\/em>, Acryl auf Leinwand,<br> 40 x 40 cm<\/strong><\/figcaption><\/figure>\n\n\n\n<figure class=\"wp-block-image size-large\"><img loading=\"lazy\" decoding=\"async\" width=\"785\" height=\"776\" src=\"https:\/\/www.vivi-photography.de\/wp-content\/uploads\/2026\/02\/FOTO_129-785x776.jpg\" alt=\"\" class=\"wp-image-733\" srcset=\"https:\/\/www.vivi-photography.de\/wp-content\/uploads\/2026\/02\/FOTO_129-785x776.jpg 785w, https:\/\/www.vivi-photography.de\/wp-content\/uploads\/2026\/02\/FOTO_129-300x297.jpg 300w, https:\/\/www.vivi-photography.de\/wp-content\/uploads\/2026\/02\/FOTO_129-768x759.jpg 768w, https:\/\/www.vivi-photography.de\/wp-content\/uploads\/2026\/02\/FOTO_129.jpg 991w\" sizes=\"auto, (max-width: 785px) 100vw, 785px\" \/><figcaption class=\"wp-element-caption\"><strong><em>Im Vorraum<\/em>, Acyl auf Leinwand, 40 x 40 cm<\/strong><\/figcaption><\/figure>\n\n\n\n<figure class=\"wp-block-image size-full\"><img loading=\"lazy\" decoding=\"async\" width=\"1054\" height=\"1065\" src=\"https:\/\/www.vivi-photography.de\/wp-content\/uploads\/2026\/02\/FOTO_123.jpg\" alt=\"\" class=\"wp-image-721\" srcset=\"https:\/\/www.vivi-photography.de\/wp-content\/uploads\/2026\/02\/FOTO_123.jpg 1054w, https:\/\/www.vivi-photography.de\/wp-content\/uploads\/2026\/02\/FOTO_123-297x300.jpg 297w, https:\/\/www.vivi-photography.de\/wp-content\/uploads\/2026\/02\/FOTO_123-785x793.jpg 785w, https:\/\/www.vivi-photography.de\/wp-content\/uploads\/2026\/02\/FOTO_123-768x776.jpg 768w\" sizes=\"auto, (max-width: 1054px) 100vw, 1054px\" \/><figcaption class=\"wp-element-caption\"><strong><em>Sedimen<\/em>t, Acryl auf Leinwand, 40 x 40 cm<\/strong><\/figcaption><\/figure>\n\n\n\n<figure class=\"wp-block-image size-large\"><img loading=\"lazy\" decoding=\"async\" width=\"765\" height=\"1024\" src=\"https:\/\/www.vivi-photography.de\/wp-content\/uploads\/2026\/02\/FOTO_124_WZ-765x1024.jpg\" alt=\"\" class=\"wp-image-1129\" srcset=\"https:\/\/www.vivi-photography.de\/wp-content\/uploads\/2026\/02\/FOTO_124_WZ-765x1024.jpg 765w, https:\/\/www.vivi-photography.de\/wp-content\/uploads\/2026\/02\/FOTO_124_WZ-224x300.jpg 224w, https:\/\/www.vivi-photography.de\/wp-content\/uploads\/2026\/02\/FOTO_124_WZ-768x1028.jpg 768w, https:\/\/www.vivi-photography.de\/wp-content\/uploads\/2026\/02\/FOTO_124_WZ.jpg 1077w\" sizes=\"auto, (max-width: 765px) 100vw, 765px\" \/><figcaption class=\"wp-element-caption\"><strong><em>Erinnerung an Gr\u00fcn<\/em>, Acryl auf Leinwand,<br>30 x 40 cm<\/strong><\/figcaption><\/figure>\n\n\n\n<figure class=\"wp-block-image size-full wp-duotone-unset-2\"><img loading=\"lazy\" decoding=\"async\" width=\"1280\" height=\"1270\" src=\"https:\/\/www.vivi-photography.de\/wp-content\/uploads\/2026\/02\/Mixed_Media_Gruen_Rot_WZ-1.jpg\" alt=\"\" class=\"wp-image-1106\" srcset=\"https:\/\/www.vivi-photography.de\/wp-content\/uploads\/2026\/02\/Mixed_Media_Gruen_Rot_WZ-1.jpg 1280w, https:\/\/www.vivi-photography.de\/wp-content\/uploads\/2026\/02\/Mixed_Media_Gruen_Rot_WZ-1-300x298.jpg 300w, https:\/\/www.vivi-photography.de\/wp-content\/uploads\/2026\/02\/Mixed_Media_Gruen_Rot_WZ-1-785x779.jpg 785w, https:\/\/www.vivi-photography.de\/wp-content\/uploads\/2026\/02\/Mixed_Media_Gruen_Rot_WZ-1-768x762.jpg 768w\" sizes=\"auto, (max-width: 1280px) 100vw, 1280px\" \/><figcaption class=\"wp-element-caption\"><strong><em>Intervention im Biotop<\/em>, Mischtechnik auf Leinwand, <br>28,6 x 28,6 x 3,5 cm<\/strong><\/figcaption><\/figure>\n\n\n\n<figure class=\"wp-block-image size-large\"><img loading=\"lazy\" decoding=\"async\" width=\"785\" height=\"933\" src=\"https:\/\/www.vivi-photography.de\/wp-content\/uploads\/2026\/04\/Richtungen_WZ-785x933.jpg\" alt=\"\" class=\"wp-image-1277\" srcset=\"https:\/\/www.vivi-photography.de\/wp-content\/uploads\/2026\/04\/Richtungen_WZ-785x933.jpg 785w, https:\/\/www.vivi-photography.de\/wp-content\/uploads\/2026\/04\/Richtungen_WZ-252x300.jpg 252w, https:\/\/www.vivi-photography.de\/wp-content\/uploads\/2026\/04\/Richtungen_WZ-768x913.jpg 768w, https:\/\/www.vivi-photography.de\/wp-content\/uploads\/2026\/04\/Richtungen_WZ.jpg 1107w\" sizes=\"auto, (max-width: 785px) 100vw, 785px\" \/><figcaption class=\"wp-element-caption\"><em>Richtungen<\/em>, Acryl auf Leinwand, 25 x 30 cm<\/figcaption><\/figure>\n\n\n\n<figure class=\"wp-block-image size-large is-resized\"><img loading=\"lazy\" decoding=\"async\" width=\"691\" height=\"1024\" src=\"https:\/\/www.vivi-photography.de\/wp-content\/uploads\/2026\/02\/The_Way_Out_WZ-1-691x1024.jpg\" alt=\"\" class=\"wp-image-871\" style=\"width:691px;height:auto\" srcset=\"https:\/\/www.vivi-photography.de\/wp-content\/uploads\/2026\/02\/The_Way_Out_WZ-1-691x1024.jpg 691w, https:\/\/www.vivi-photography.de\/wp-content\/uploads\/2026\/02\/The_Way_Out_WZ-1-203x300.jpg 203w, https:\/\/www.vivi-photography.de\/wp-content\/uploads\/2026\/02\/The_Way_Out_WZ-1-768x1138.jpg 768w, https:\/\/www.vivi-photography.de\/wp-content\/uploads\/2026\/02\/The_Way_Out_WZ-1.jpg 854w\" sizes=\"auto, (max-width: 691px) 100vw, 691px\" \/><figcaption class=\"wp-element-caption\"><strong><em>The Way Out<\/em>, Mischtechnik auf Papier, gestische Abstraktion, 12 x 17 cm<\/strong><\/figcaption><\/figure>\n\n\n\n<div style=\"height:100px\" aria-hidden=\"true\" class=\"wp-block-spacer\"><\/div>\n\n\n\n<p>\u00a9 Vivien Matthiesen \u2013 Alle Rechte vorbehalten<\/p>\n\n\n\n<p>Ausgew\u00e4hlte Arbeiten sind als Prints oder Originale verf\u00fcgbar.<\/p>\n\n\n\n<p>Anfragen zu Verf\u00fcgbarkeit und Formaten beantworte ich gern.<\/p>\n\n\n\n<div class=\"wp-block-buttons is-layout-flex wp-block-buttons-is-layout-flex\" id=\"top\">\n<div class=\"wp-block-button is-style-outline is-style-outline--3\"><a class=\"wp-block-button__link wp-element-button\" href=\"#top\">\u2191<\/a><\/div>\n<\/div>\n","protected":false},"excerpt":{"rendered":"<p>\u00a9 Vivien Matthiesen \u2013 Alle Rechte vorbehalten Ausgew\u00e4hlte Arbeiten sind als Prints oder Originale verf\u00fcgbar. Anfragen zu Verf\u00fcgbarkeit und Formaten beantworte ich gern.<\/p>\n","protected":false},"author":2,"featured_media":0,"parent":0,"menu_order":0,"comment_status":"closed","ping_status":"closed","template":"","meta":{"footnotes":""},"class_list":["post-276","page","type-page","status-publish","hentry"],"_links":{"self":[{"href":"https:\/\/www.vivi-photography.de\/index.php?rest_route=\/wp\/v2\/pages\/276","targetHints":{"allow":["GET"]}}],"collection":[{"href":"https:\/\/www.vivi-photography.de\/index.php?rest_route=\/wp\/v2\/pages"}],"about":[{"href":"https:\/\/www.vivi-photography.de\/index.php?rest_route=\/wp\/v2\/types\/page"}],"author":[{"embeddable":true,"href":"https:\/\/www.vivi-photography.de\/index.php?rest_route=\/wp\/v2\/users\/2"}],"replies":[{"embeddable":true,"href":"https:\/\/www.vivi-photography.de\/index.php?rest_route=%2Fwp%2Fv2%2Fcomments&post=276"}],"version-history":[{"count":73,"href":"https:\/\/www.vivi-photography.de\/index.php?rest_route=\/wp\/v2\/pages\/276\/revisions"}],"predecessor-version":[{"id":1284,"href":"https:\/\/www.vivi-photography.de\/index.php?rest_route=\/wp\/v2\/pages\/276\/revisions\/1284"}],"wp:attachment":[{"href":"https:\/\/www.vivi-photography.de\/index.php?rest_route=%2Fwp%2Fv2%2Fmedia&parent=276"}],"curies":[{"name":"wp","href":"https:\/\/api.w.org\/{rel}","templated":true}]}}