{"id":753,"date":"2026-02-11T14:57:46","date_gmt":"2026-02-11T13:57:46","guid":{"rendered":"https:\/\/www.vivi-photography.de\/?page_id=753"},"modified":"2026-03-31T16:55:27","modified_gmt":"2026-03-31T15:55:27","slug":"impressum","status":"publish","type":"page","link":"https:\/\/www.vivi-photography.de\/?page_id=753","title":{"rendered":"Impressum"},"content":{"rendered":"\n<figure class=\"wp-block-gallery has-nested-images columns-default is-cropped wp-block-gallery-1 is-layout-flex wp-block-gallery-is-layout-flex\">\n<figure class=\"wp-block-image size-full\" id=\"top\"><img loading=\"lazy\" decoding=\"async\" width=\"2241\" height=\"1368\" data-id=\"771\" src=\"https:\/\/www.vivi-photography.de\/wp-content\/uploads\/2026\/02\/Schreibmaschine_Banner.jpg\" alt=\"\" class=\"wp-image-771\" srcset=\"https:\/\/www.vivi-photography.de\/wp-content\/uploads\/2026\/02\/Schreibmaschine_Banner.jpg 2241w, https:\/\/www.vivi-photography.de\/wp-content\/uploads\/2026\/02\/Schreibmaschine_Banner-300x183.jpg 300w, https:\/\/www.vivi-photography.de\/wp-content\/uploads\/2026\/02\/Schreibmaschine_Banner-785x479.jpg 785w, https:\/\/www.vivi-photography.de\/wp-content\/uploads\/2026\/02\/Schreibmaschine_Banner-768x469.jpg 768w, https:\/\/www.vivi-photography.de\/wp-content\/uploads\/2026\/02\/Schreibmaschine_Banner-1536x938.jpg 1536w, https:\/\/www.vivi-photography.de\/wp-content\/uploads\/2026\/02\/Schreibmaschine_Banner-2048x1250.jpg 2048w\" sizes=\"auto, (max-width: 2241px) 100vw, 2241px\" \/><\/figure>\n<\/figure>\n\n\n\n<p><strong>Impressum<\/strong><br><br>Angaben gem\u00e4\u00df \u00a7 5 DDG:<\/p>\n\n\n\n<p>Inhaber*in: Vivien Matthiesen<\/p>\n\n\n\n<p>Uhlandstr. 8<\/p>\n\n\n\n<p>24116 Kiel<\/p>\n\n\n\n<p>Deutschland<\/p>\n\n\n\n<p><\/p>\n\n\n\n<p>Email: kontakt@vivi-photography.de<\/p>\n\n\n\n<p><\/p>\n\n\n\n<div style=\"height:53px\" aria-hidden=\"true\" class=\"wp-block-spacer\"><\/div>\n\n\n\n<p><\/p>\n\n\n\n<p><a href=\"https:\/\/www.vivi-photography.de\/\">website: www.vivi-photography.de&nbsp;<\/a><\/p>\n\n\n\n<p><em><strong>\u00a9 Copyright 2026 Vivien Matthiesen<\/strong><\/em><\/p>\n\n\n\n<p><\/p>\n\n\n\n<p><\/p>\n\n\n\n<p><strong>Urheberrecht \/ Nutzung von Fotografien und Kunstwerken<\/strong><\/p>\n\n\n\n<p>Die auf dieser Website gezeigten Fotografien, Texte und k\u00fcnstlerischen Arbeiten sind urheberrechtlich gesch\u00fctzt.<\/p>\n\n\n\n<p>Sie dienen der Ansicht und Inspiration und d\u00fcrfen ohne ausdr\u00fcckliche Zustimmung nicht verwendet, vervielf\u00e4ltigt, bearbeitet oder weitergegeben werden.<\/p>\n\n\n\n<p>Die dargestellten Werke und Motive k\u00f6nnen \u00fcber externe Plattformen oder auf Anfrage erworben werden.<br>Mit dem Erwerb eines Produkts wird kein Nutzungsrecht an den Bildern selbst \u00fcbertragen.<\/p>\n\n\n\n<p>Die Nutzung der Inhalte ist sowohl f\u00fcr private als auch f\u00fcr kommerzielle Zwecke ohne vorherige Zustimmung nicht gestattet. <\/p>\n\n\n\n<p>Ebenso ist die automatisierte Auswertung, Erfassung oder Verwendung der Inhalte \u2013 insbesondere durch Systeme des maschinellen Lernens oder im Rahmen von Text- und Data-Mining \u2013 ohne ausdr\u00fcckliche Zustimmung untersagt.<\/p>\n\n\n\n<p>Das Teilen \u00fcber direkte Verlinkungen auf diese Website ist ausdr\u00fccklich erlaubt.<\/p>\n\n\n\n<p><\/p>\n\n\n\n<hr class=\"wp-block-separator has-alpha-channel-opacity\"\/>\n\n\n\n<p><strong>Haftung f\u00fcr Inhalte<\/strong><\/p>\n\n\n\n<p>Die Inhalte dieser Website wurden mit gr\u00f6\u00dfter Sorgfalt erstellt.<br>F\u00fcr die Richtigkeit, Vollst\u00e4ndigkeit und Aktualit\u00e4t der Inhalte kann jedoch keine Gew\u00e4hr \u00fcbernommen werden.<\/p>\n\n\n\n<p>Als Diensteanbieter ist die Betreiberin gem\u00e4\u00df \u00a7 7 Abs.1 TMG f\u00fcr eigene Inhalte auf diesen Seiten nach den allgemeinen Gesetzen verantwortlich.<\/p>\n\n\n\n<hr class=\"wp-block-separator has-alpha-channel-opacity\"\/>\n\n\n\n<p><strong>Haftung f\u00fcr Links<\/strong><\/p>\n\n\n\n<p>Diese Website enth\u00e4lt Links zu externen Websites Dritter, auf deren Inhalte kein Einfluss besteht.<br>F\u00fcr diese Inhalte wird daher keine Gew\u00e4hr \u00fcbernommen.<\/p>\n\n\n\n<p>F\u00fcr die Inhalte der verlinkten Seiten ist stets der jeweilige Anbieter oder Betreiber verantwortlich.<\/p>\n\n\n\n<p><\/p>\n\n\n\n<p><a href=\"https:\/\/www.vivi-photography.de\/?page_id=1234\" data-type=\"page\" data-id=\"1234\">Datenschutzhinweise<\/a><\/p>\n\n\n\n<p id=\"top\"><a href=\"#top\">\u2191<\/a><\/p>\n\n\n\n<p id=\"-top\"><\/p>\n\n\n\n<p><\/p>\n","protected":false},"excerpt":{"rendered":"<p>Impressum Angaben gem\u00e4\u00df \u00a7 5 DDG: Inhaber*in: Vivien Matthiesen Uhlandstr. 8 24116 Kiel Deutschland Email: kontakt@vivi-photography.de website: www.vivi-photography.de&nbsp; \u00a9 Copyright 2026 Vivien Matthiesen Urheberrecht \/ Nutzung von Fotografien und Kunstwerken Die auf dieser Website gezeigten Fotografien, Texte und k\u00fcnstlerischen Arbeiten sind urheberrechtlich gesch\u00fctzt. Sie dienen der Ansicht und Inspiration und d\u00fcrfen ohne ausdr\u00fcckliche Zustimmung nicht [&hellip;]<\/p>\n","protected":false},"author":2,"featured_media":0,"parent":0,"menu_order":0,"comment_status":"closed","ping_status":"closed","template":"","meta":{"footnotes":""},"class_list":["post-753","page","type-page","status-publish","hentry"],"_links":{"self":[{"href":"https:\/\/www.vivi-photography.de\/index.php?rest_route=\/wp\/v2\/pages\/753","targetHints":{"allow":["GET"]}}],"collection":[{"href":"https:\/\/www.vivi-photography.de\/index.php?rest_route=\/wp\/v2\/pages"}],"about":[{"href":"https:\/\/www.vivi-photography.de\/index.php?rest_route=\/wp\/v2\/types\/page"}],"author":[{"embeddable":true,"href":"https:\/\/www.vivi-photography.de\/index.php?rest_route=\/wp\/v2\/users\/2"}],"replies":[{"embeddable":true,"href":"https:\/\/www.vivi-photography.de\/index.php?rest_route=%2Fwp%2Fv2%2Fcomments&post=753"}],"version-history":[{"count":18,"href":"https:\/\/www.vivi-photography.de\/index.php?rest_route=\/wp\/v2\/pages\/753\/revisions"}],"predecessor-version":[{"id":1264,"href":"https:\/\/www.vivi-photography.de\/index.php?rest_route=\/wp\/v2\/pages\/753\/revisions\/1264"}],"wp:attachment":[{"href":"https:\/\/www.vivi-photography.de\/index.php?rest_route=%2Fwp%2Fv2%2Fmedia&parent=753"}],"curies":[{"name":"wp","href":"https:\/\/api.w.org\/{rel}","templated":true}]}}